{"id":1480,"date":"2020-10-27T11:35:00","date_gmt":"2020-10-27T11:35:00","guid":{"rendered":"http:\/\/sp-lebenswert.com\/?page_id=1480"},"modified":"2023-03-11T16:28:38","modified_gmt":"2023-03-11T16:28:38","slug":"handdeutung","status":"publish","type":"page","link":"https:\/\/sp-lebenswert.com\/?page_id=1480","title":{"rendered":"Handdeutung"},"content":{"rendered":"\t\t<div data-elementor-type=\"wp-page\" data-elementor-id=\"1480\" class=\"elementor elementor-1480\">\n\t\t\t\t\t\t<section class=\"elementor-section elementor-top-section elementor-element elementor-element-2e4a854 elementor-section-boxed elementor-section-height-default elementor-section-height-default\" data-id=\"2e4a854\" data-element_type=\"section\">\n\t\t\t\t\t\t<div class=\"elementor-container elementor-column-gap-default\">\n\t\t\t\t\t<div class=\"elementor-column elementor-col-100 elementor-top-column elementor-element elementor-element-6984d6d\" data-id=\"6984d6d\" data-element_type=\"column\">\n\t\t\t<div class=\"elementor-widget-wrap elementor-element-populated\">\n\t\t\t\t\t\t<div class=\"elementor-element elementor-element-1389faa elementor-widget elementor-widget-heading\" data-id=\"1389faa\" data-element_type=\"widget\" data-widget_type=\"heading.default\">\n\t\t\t\t<div class=\"elementor-widget-container\">\n\t\t\t\t\t<h2 class=\"elementor-heading-title elementor-size-xl\">Handdeutung (Chirologie)<\/h2>\t\t\t\t<\/div>\n\t\t\t\t<\/div>\n\t\t\t\t\t<\/div>\n\t\t<\/div>\n\t\t\t\t\t<\/div>\n\t\t<\/section>\n\t\t\t\t<section class=\"elementor-section elementor-top-section elementor-element elementor-element-ff34413 elementor-section-boxed elementor-section-height-default elementor-section-height-default\" data-id=\"ff34413\" data-element_type=\"section\">\n\t\t\t\t\t\t<div class=\"elementor-container elementor-column-gap-default\">\n\t\t\t\t\t<div class=\"elementor-column elementor-col-100 elementor-top-column elementor-element elementor-element-47807f0\" data-id=\"47807f0\" data-element_type=\"column\">\n\t\t\t<div class=\"elementor-widget-wrap elementor-element-populated\">\n\t\t\t\t\t\t<div class=\"elementor-element elementor-element-79330f8 elementor-widget elementor-widget-text-editor\" data-id=\"79330f8\" data-element_type=\"widget\" data-widget_type=\"text-editor.default\">\n\t\t\t\t<div class=\"elementor-widget-container\">\n\t\t\t\t\t\t\t\t\t<p>Die Hand erh\u00e4lt ihre Form durch Vererbung, durch die Funktion der endokrinen Dr\u00fcsen und die Biochemie der Zellen. Allein \u00fcber die Handform kann man schon von Weitem auf den Grundcharakter eines Menschen schlie\u00dfen, ohne \u00fcberhaupt in die Hand geschaut zu haben. Zudem verr\u00e4t uns der erste H\u00e4ndedruck bereits viel \u00fcber die andere Person. Die Chirologie hat nichts mit Wahrsagerei zu tun, sondern ist ein Diagnostikmittel zu Erfassung der Pers\u00f6nlichkeit.<\/p><p>Wenn Sie mehr hier\u00fcber erfahren m\u00f6chten, so freue ich mich, wenn Sie mich kontaktieren oder wir uns bei einer meiner <a href=\"https:\/\/sp-lebenswert.com\/?page_id=1590\"><span style=\"color: #008000;\">Veranstaltungen<\/span><\/a> treffen.<\/p>\t\t\t\t\t\t\t\t<\/div>\n\t\t\t\t<\/div>\n\t\t\t\t\t<\/div>\n\t\t<\/div>\n\t\t\t\t\t<\/div>\n\t\t<\/section>\n\t\t\t\t<section class=\"elementor-section elementor-top-section elementor-element elementor-element-4f3d02e elementor-section-boxed elementor-section-height-default elementor-section-height-default\" data-id=\"4f3d02e\" data-element_type=\"section\">\n\t\t\t\t\t\t<div class=\"elementor-container elementor-column-gap-default\">\n\t\t\t\t\t<div class=\"elementor-column elementor-col-100 elementor-top-column elementor-element elementor-element-d1642bc\" data-id=\"d1642bc\" data-element_type=\"column\">\n\t\t\t<div class=\"elementor-widget-wrap elementor-element-populated\">\n\t\t\t\t\t\t<div class=\"elementor-element elementor-element-70d71de elementor-widget elementor-widget-spacer\" data-id=\"70d71de\" data-element_type=\"widget\" data-widget_type=\"spacer.default\">\n\t\t\t\t<div class=\"elementor-widget-container\">\n\t\t\t\t\t\t\t<div class=\"elementor-spacer\">\n\t\t\t<div class=\"elementor-spacer-inner\"><\/div>\n\t\t<\/div>\n\t\t\t\t\t\t<\/div>\n\t\t\t\t<\/div>\n\t\t\t\t\t<\/div>\n\t\t<\/div>\n\t\t\t\t\t<\/div>\n\t\t<\/section>\n\t\t\t\t<section class=\"elementor-section elementor-top-section elementor-element elementor-element-8749941 elementor-section-boxed elementor-section-height-default elementor-section-height-default\" data-id=\"8749941\" data-element_type=\"section\">\n\t\t\t\t\t\t<div class=\"elementor-container elementor-column-gap-default\">\n\t\t\t\t\t<div class=\"elementor-column elementor-col-100 elementor-top-column elementor-element elementor-element-711d12d\" data-id=\"711d12d\" data-element_type=\"column\">\n\t\t\t<div class=\"elementor-widget-wrap elementor-element-populated\">\n\t\t\t\t\t\t<div class=\"elementor-element elementor-element-59ef772 elementor-widget elementor-widget-text-editor\" data-id=\"59ef772\" data-element_type=\"widget\" data-widget_type=\"text-editor.default\">\n\t\t\t\t<div class=\"elementor-widget-container\">\n\t\t\t\t\t\t\t\t\t<h4>Deine Energie liegt in deinen H\u00e4nden.<\/h4><h4>Dein Schicksal liegt in deinen H\u00e4nden.<\/h4><h4>Deine H\u00e4nde sind mehr als Finger und Linien.<\/h4>\t\t\t\t\t\t\t\t<\/div>\n\t\t\t\t<\/div>\n\t\t\t\t\t<\/div>\n\t\t<\/div>\n\t\t\t\t\t<\/div>\n\t\t<\/section>\n\t\t\t\t<section class=\"elementor-section elementor-top-section elementor-element elementor-element-b369c95 elementor-section-boxed elementor-section-height-default elementor-section-height-default\" data-id=\"b369c95\" data-element_type=\"section\">\n\t\t\t\t\t\t<div class=\"elementor-container elementor-column-gap-default\">\n\t\t\t\t\t<div class=\"elementor-column elementor-col-33 elementor-top-column elementor-element elementor-element-e281d88\" data-id=\"e281d88\" data-element_type=\"column\">\n\t\t\t<div class=\"elementor-widget-wrap elementor-element-populated\">\n\t\t\t\t\t\t<div class=\"elementor-element elementor-element-5ad8346 elementor-widget elementor-widget-image\" data-id=\"5ad8346\" data-element_type=\"widget\" data-widget_type=\"image.default\">\n\t\t\t\t<div class=\"elementor-widget-container\">\n\t\t\t\t\t\t\t\t\t\t\t\t\t\t\t<img fetchpriority=\"high\" decoding=\"async\" width=\"726\" height=\"692\" src=\"https:\/\/sp-lebenswert.com\/wp-content\/uploads\/2023\/03\/Hand-ABC-I-V.jpg\" class=\"attachment-large size-large wp-image-1914\" alt=\"\" srcset=\"https:\/\/sp-lebenswert.com\/wp-content\/uploads\/2023\/03\/Hand-ABC-I-V.jpg 726w, https:\/\/sp-lebenswert.com\/wp-content\/uploads\/2023\/03\/Hand-ABC-I-V-300x286.jpg 300w, https:\/\/sp-lebenswert.com\/wp-content\/uploads\/2023\/03\/Hand-ABC-I-V-600x572.jpg 600w\" sizes=\"(max-width: 726px) 100vw, 726px\" \/>\t\t\t\t\t\t\t\t\t\t\t\t\t\t\t<\/div>\n\t\t\t\t<\/div>\n\t\t\t\t\t<\/div>\n\t\t<\/div>\n\t\t\t\t<div class=\"elementor-column elementor-col-33 elementor-top-column elementor-element elementor-element-2d04583\" data-id=\"2d04583\" data-element_type=\"column\">\n\t\t\t<div class=\"elementor-widget-wrap elementor-element-populated\">\n\t\t\t\t\t\t<div class=\"elementor-element elementor-element-b62d8f9 elementor-widget elementor-widget-spacer\" data-id=\"b62d8f9\" data-element_type=\"widget\" data-widget_type=\"spacer.default\">\n\t\t\t\t<div class=\"elementor-widget-container\">\n\t\t\t\t\t\t\t<div class=\"elementor-spacer\">\n\t\t\t<div class=\"elementor-spacer-inner\"><\/div>\n\t\t<\/div>\n\t\t\t\t\t\t<\/div>\n\t\t\t\t<\/div>\n\t\t\t\t\t<\/div>\n\t\t<\/div>\n\t\t\t\t<div class=\"elementor-column elementor-col-33 elementor-top-column elementor-element elementor-element-69f22ea\" data-id=\"69f22ea\" data-element_type=\"column\">\n\t\t\t<div class=\"elementor-widget-wrap elementor-element-populated\">\n\t\t\t\t\t\t<div class=\"elementor-element elementor-element-fe767cc elementor-widget elementor-widget-text-editor\" data-id=\"fe767cc\" data-element_type=\"widget\" data-widget_type=\"text-editor.default\">\n\t\t\t\t<div class=\"elementor-widget-container\">\n\t\t\t\t\t\t\t\t\t<p>A = Lebenslinie: Wie intensiv du dein Leben lebst<\/p><p>B = Kopflinie: Deine Gedanken. Mit welcher Leichtigkeit gehst du durchs Leben?<\/p><p>C = Herzlinie: Mit welcher Intention lebst du deine Gef\u00fchle?<\/p><p>\u00a0<\/p><p>I = Daumen: Deine Pers\u00f6nlichkeit<\/p><p>II = Jupiterfinger: Wie lebst du deine Gef\u00fchle?<\/p><p>III = Saturnfinger: Wie h\u00e4ndelst dein Schicksal?<\/p><p>IV = Apollofinger: Der Finger der Sch\u00f6nheit<\/p><p>V = Merkurfinger: Wie intensiv ist deine Kommunikation?<\/p>\t\t\t\t\t\t\t\t<\/div>\n\t\t\t\t<\/div>\n\t\t\t\t\t<\/div>\n\t\t<\/div>\n\t\t\t\t\t<\/div>\n\t\t<\/section>\n\t\t\t\t<section class=\"elementor-section elementor-top-section elementor-element elementor-element-d28d9cf elementor-section-boxed elementor-section-height-default elementor-section-height-default\" data-id=\"d28d9cf\" data-element_type=\"section\">\n\t\t\t\t\t\t<div class=\"elementor-container elementor-column-gap-default\">\n\t\t\t\t\t<div class=\"elementor-column elementor-col-100 elementor-top-column elementor-element elementor-element-08e050a\" data-id=\"08e050a\" data-element_type=\"column\">\n\t\t\t<div class=\"elementor-widget-wrap elementor-element-populated\">\n\t\t\t\t\t\t<div class=\"elementor-element elementor-element-b6d3af3 elementor-align-center elementor-widget elementor-widget-button\" data-id=\"b6d3af3\" data-element_type=\"widget\" data-widget_type=\"button.default\">\n\t\t\t\t<div class=\"elementor-widget-container\">\n\t\t\t\t\t\t\t\t\t<div class=\"elementor-button-wrapper\">\n\t\t\t\t\t<a class=\"elementor-button elementor-button-link elementor-size-sm\" href=\"https:\/\/sp-lebenswert.com\/?page_id=1590\">\n\t\t\t\t\t\t<span class=\"elementor-button-content-wrapper\">\n\t\t\t\t\t\t\t\t\t<span class=\"elementor-button-text\">Veranstaltungen<\/span>\n\t\t\t\t\t<\/span>\n\t\t\t\t\t<\/a>\n\t\t\t\t<\/div>\n\t\t\t\t\t\t\t\t<\/div>\n\t\t\t\t<\/div>\n\t\t\t\t\t<\/div>\n\t\t<\/div>\n\t\t\t\t\t<\/div>\n\t\t<\/section>\n\t\t\t\t<\/div>\n\t\t","protected":false},"excerpt":{"rendered":"<p>Handdeutung (Chirologie) Die Hand erh\u00e4lt ihre Form durch Vererbung, durch die Funktion der endokrinen Dr\u00fcsen und die Biochemie der Zellen. Allein \u00fcber die Handform kann man schon von Weitem auf den Grundcharakter eines Menschen schlie\u00dfen, ohne \u00fcberhaupt in die Hand geschaut zu haben. Zudem verr\u00e4t uns der erste H\u00e4ndedruck bereits viel \u00fcber die andere Person. &hellip;<\/p>\n<p class=\"read-more\"> <a class=\"\" href=\"https:\/\/sp-lebenswert.com\/?page_id=1480\"> <span class=\"screen-reader-text\">Handdeutung<\/span> Weiterlesen &raquo;<\/a><\/p>\n","protected":false},"author":1,"featured_media":0,"parent":0,"menu_order":0,"comment_status":"closed","ping_status":"closed","template":"","meta":{"_uag_custom_page_level_css":"","site-sidebar-layout":"no-sidebar","site-content-layout":"page-builder","ast-global-header-display":"","ast-main-header-display":"","ast-hfb-above-header-display":"","ast-hfb-below-header-display":"","ast-hfb-mobile-header-display":"","site-post-title":"disabled","ast-breadcrumbs-content":"","ast-featured-img":"disabled","footer-sml-layout":"","theme-transparent-header-meta":"default","adv-header-id-meta":"","stick-header-meta":"","header-above-stick-meta":"","header-main-stick-meta":"","header-below-stick-meta":"","footnotes":""},"yoast_head":"<!-- This site is optimized with the Yoast SEO plugin v21.2 - https:\/\/yoast.com\/wordpress\/plugins\/seo\/ -->\n<title>Handdeutung - Lebenswert<\/title>\n<meta name=\"robots\" content=\"index, follow, max-snippet:-1, max-image-preview:large, max-video-preview:-1\" \/>\n<link rel=\"canonical\" href=\"https:\/\/sp-lebenswert.com\/?page_id=1480\" \/>\n<meta property=\"og:locale\" content=\"de_DE\" \/>\n<meta property=\"og:type\" content=\"article\" \/>\n<meta property=\"og:title\" content=\"Handdeutung - Lebenswert\" \/>\n<meta property=\"og:description\" content=\"Handdeutung (Chirologie) Die Hand erh\u00e4lt ihre Form durch Vererbung, durch die Funktion der endokrinen Dr\u00fcsen und die Biochemie der Zellen. Allein \u00fcber die Handform kann man schon von Weitem auf den Grundcharakter eines Menschen schlie\u00dfen, ohne \u00fcberhaupt in die Hand geschaut zu haben. Zudem verr\u00e4t uns der erste H\u00e4ndedruck bereits viel \u00fcber die andere Person. &hellip; Handdeutung Weiterlesen &raquo;\" \/>\n<meta property=\"og:url\" content=\"https:\/\/sp-lebenswert.com\/?page_id=1480\" \/>\n<meta property=\"og:site_name\" content=\"Lebenswert\" \/>\n<meta property=\"article:modified_time\" content=\"2023-03-11T16:28:38+00:00\" \/>\n<meta property=\"og:image\" content=\"https:\/\/sp-lebenswert.com\/wp-content\/uploads\/2023\/03\/Hand-ABC-I-V.jpg\" \/>\n<meta name=\"twitter:card\" content=\"summary_large_image\" \/>\n<meta name=\"twitter:label1\" content=\"Gesch\u00e4tzte Lesezeit\" \/>\n\t<meta name=\"twitter:data1\" content=\"2\u00a0Minuten\" \/>\n<script type=\"application\/ld+json\" class=\"yoast-schema-graph\">{\"@context\":\"https:\/\/schema.org\",\"@graph\":[{\"@type\":\"WebPage\",\"@id\":\"https:\/\/sp-lebenswert.com\/?page_id=1480\",\"url\":\"https:\/\/sp-lebenswert.com\/?page_id=1480\",\"name\":\"Handdeutung - Lebenswert\",\"isPartOf\":{\"@id\":\"https:\/\/sp-lebenswert.com\/#website\"},\"datePublished\":\"2020-10-27T11:35:00+00:00\",\"dateModified\":\"2023-03-11T16:28:38+00:00\",\"breadcrumb\":{\"@id\":\"https:\/\/sp-lebenswert.com\/?page_id=1480#breadcrumb\"},\"inLanguage\":\"de\",\"potentialAction\":[{\"@type\":\"ReadAction\",\"target\":[\"https:\/\/sp-lebenswert.com\/?page_id=1480\"]}]},{\"@type\":\"BreadcrumbList\",\"@id\":\"https:\/\/sp-lebenswert.com\/?page_id=1480#breadcrumb\",\"itemListElement\":[{\"@type\":\"ListItem\",\"position\":1,\"name\":\"Startseite\",\"item\":\"https:\/\/sp-lebenswert.com\/\"},{\"@type\":\"ListItem\",\"position\":2,\"name\":\"Handdeutung\"}]},{\"@type\":\"WebSite\",\"@id\":\"https:\/\/sp-lebenswert.com\/#website\",\"url\":\"https:\/\/sp-lebenswert.com\/\",\"name\":\"Lebenswert\",\"description\":\"Sylvia Pfanz\",\"publisher\":{\"@id\":\"https:\/\/sp-lebenswert.com\/#organization\"},\"potentialAction\":[{\"@type\":\"SearchAction\",\"target\":{\"@type\":\"EntryPoint\",\"urlTemplate\":\"https:\/\/sp-lebenswert.com\/?s={search_term_string}\"},\"query-input\":\"required name=search_term_string\"}],\"inLanguage\":\"de\"},{\"@type\":\"Organization\",\"@id\":\"https:\/\/sp-lebenswert.com\/#organization\",\"name\":\"Lebenswert Sylvia Pfanz\",\"url\":\"https:\/\/sp-lebenswert.com\/\",\"logo\":{\"@type\":\"ImageObject\",\"inLanguage\":\"de\",\"@id\":\"https:\/\/sp-lebenswert.com\/#\/schema\/logo\/image\/\",\"url\":\"https:\/\/sp-lebenswert.com\/wp-content\/uploads\/2019\/12\/cropped-LogoLebenswert.png\",\"contentUrl\":\"https:\/\/sp-lebenswert.com\/wp-content\/uploads\/2019\/12\/cropped-LogoLebenswert.png\",\"width\":736,\"height\":411,\"caption\":\"Lebenswert Sylvia Pfanz\"},\"image\":{\"@id\":\"https:\/\/sp-lebenswert.com\/#\/schema\/logo\/image\/\"}}]}<\/script>\n<!-- \/ Yoast SEO plugin. -->","yoast_head_json":{"title":"Handdeutung - Lebenswert","robots":{"index":"index","follow":"follow","max-snippet":"max-snippet:-1","max-image-preview":"max-image-preview:large","max-video-preview":"max-video-preview:-1"},"canonical":"https:\/\/sp-lebenswert.com\/?page_id=1480","og_locale":"de_DE","og_type":"article","og_title":"Handdeutung - Lebenswert","og_description":"Handdeutung (Chirologie) Die Hand erh\u00e4lt ihre Form durch Vererbung, durch die Funktion der endokrinen Dr\u00fcsen und die Biochemie der Zellen. Allein \u00fcber die Handform kann man schon von Weitem auf den Grundcharakter eines Menschen schlie\u00dfen, ohne \u00fcberhaupt in die Hand geschaut zu haben. Zudem verr\u00e4t uns der erste H\u00e4ndedruck bereits viel \u00fcber die andere Person. &hellip; Handdeutung Weiterlesen &raquo;","og_url":"https:\/\/sp-lebenswert.com\/?page_id=1480","og_site_name":"Lebenswert","article_modified_time":"2023-03-11T16:28:38+00:00","og_image":[{"url":"https:\/\/sp-lebenswert.com\/wp-content\/uploads\/2023\/03\/Hand-ABC-I-V.jpg"}],"twitter_card":"summary_large_image","twitter_misc":{"Gesch\u00e4tzte Lesezeit":"2\u00a0Minuten"},"schema":{"@context":"https:\/\/schema.org","@graph":[{"@type":"WebPage","@id":"https:\/\/sp-lebenswert.com\/?page_id=1480","url":"https:\/\/sp-lebenswert.com\/?page_id=1480","name":"Handdeutung - Lebenswert","isPartOf":{"@id":"https:\/\/sp-lebenswert.com\/#website"},"datePublished":"2020-10-27T11:35:00+00:00","dateModified":"2023-03-11T16:28:38+00:00","breadcrumb":{"@id":"https:\/\/sp-lebenswert.com\/?page_id=1480#breadcrumb"},"inLanguage":"de","potentialAction":[{"@type":"ReadAction","target":["https:\/\/sp-lebenswert.com\/?page_id=1480"]}]},{"@type":"BreadcrumbList","@id":"https:\/\/sp-lebenswert.com\/?page_id=1480#breadcrumb","itemListElement":[{"@type":"ListItem","position":1,"name":"Startseite","item":"https:\/\/sp-lebenswert.com\/"},{"@type":"ListItem","position":2,"name":"Handdeutung"}]},{"@type":"WebSite","@id":"https:\/\/sp-lebenswert.com\/#website","url":"https:\/\/sp-lebenswert.com\/","name":"Lebenswert","description":"Sylvia Pfanz","publisher":{"@id":"https:\/\/sp-lebenswert.com\/#organization"},"potentialAction":[{"@type":"SearchAction","target":{"@type":"EntryPoint","urlTemplate":"https:\/\/sp-lebenswert.com\/?s={search_term_string}"},"query-input":"required name=search_term_string"}],"inLanguage":"de"},{"@type":"Organization","@id":"https:\/\/sp-lebenswert.com\/#organization","name":"Lebenswert Sylvia Pfanz","url":"https:\/\/sp-lebenswert.com\/","logo":{"@type":"ImageObject","inLanguage":"de","@id":"https:\/\/sp-lebenswert.com\/#\/schema\/logo\/image\/","url":"https:\/\/sp-lebenswert.com\/wp-content\/uploads\/2019\/12\/cropped-LogoLebenswert.png","contentUrl":"https:\/\/sp-lebenswert.com\/wp-content\/uploads\/2019\/12\/cropped-LogoLebenswert.png","width":736,"height":411,"caption":"Lebenswert Sylvia Pfanz"},"image":{"@id":"https:\/\/sp-lebenswert.com\/#\/schema\/logo\/image\/"}}]}},"uagb_featured_image_src":{"full":false,"thumbnail":false,"medium":false,"medium_large":false,"large":false,"1536x1536":false,"2048x2048":false,"woocommerce_thumbnail":false,"woocommerce_single":false,"woocommerce_gallery_thumbnail":false},"uagb_author_info":{"display_name":"sylviapfanz","author_link":"https:\/\/sp-lebenswert.com\/?author=1"},"uagb_comment_info":0,"uagb_excerpt":"Handdeutung (Chirologie) Die Hand erh\u00e4lt ihre Form durch Vererbung, durch die Funktion der endokrinen Dr\u00fcsen und die Biochemie der Zellen. Allein \u00fcber die Handform kann man schon von Weitem auf den Grundcharakter eines Menschen schlie\u00dfen, ohne \u00fcberhaupt in die Hand geschaut zu haben. Zudem verr\u00e4t uns der erste H\u00e4ndedruck bereits viel \u00fcber die andere Person.&hellip;","_links":{"self":[{"href":"https:\/\/sp-lebenswert.com\/index.php?rest_route=\/wp\/v2\/pages\/1480"}],"collection":[{"href":"https:\/\/sp-lebenswert.com\/index.php?rest_route=\/wp\/v2\/pages"}],"about":[{"href":"https:\/\/sp-lebenswert.com\/index.php?rest_route=\/wp\/v2\/types\/page"}],"author":[{"embeddable":true,"href":"https:\/\/sp-lebenswert.com\/index.php?rest_route=\/wp\/v2\/users\/1"}],"replies":[{"embeddable":true,"href":"https:\/\/sp-lebenswert.com\/index.php?rest_route=%2Fwp%2Fv2%2Fcomments&post=1480"}],"version-history":[{"count":23,"href":"https:\/\/sp-lebenswert.com\/index.php?rest_route=\/wp\/v2\/pages\/1480\/revisions"}],"predecessor-version":[{"id":1921,"href":"https:\/\/sp-lebenswert.com\/index.php?rest_route=\/wp\/v2\/pages\/1480\/revisions\/1921"}],"wp:attachment":[{"href":"https:\/\/sp-lebenswert.com\/index.php?rest_route=%2Fwp%2Fv2%2Fmedia&parent=1480"}],"curies":[{"name":"wp","href":"https:\/\/api.w.org\/{rel}","templated":true}]}}