{"id":1476,"date":"2020-10-27T11:24:41","date_gmt":"2020-10-27T11:24:41","guid":{"rendered":"http:\/\/sp-lebenswert.com\/?page_id=1476"},"modified":"2023-03-11T13:40:25","modified_gmt":"2023-03-11T13:40:25","slug":"psycho-physiognomik","status":"publish","type":"page","link":"https:\/\/sp-lebenswert.com\/?page_id=1476","title":{"rendered":"Psycho-Physiognomik"},"content":{"rendered":"\t\t<div data-elementor-type=\"wp-page\" data-elementor-id=\"1476\" class=\"elementor elementor-1476\">\n\t\t\t\t\t\t<section class=\"elementor-section elementor-top-section elementor-element elementor-element-e366149 elementor-section-boxed elementor-section-height-default elementor-section-height-default\" data-id=\"e366149\" data-element_type=\"section\">\n\t\t\t\t\t\t<div class=\"elementor-container elementor-column-gap-default\">\n\t\t\t\t\t<div class=\"elementor-column elementor-col-100 elementor-top-column elementor-element elementor-element-068e6b7\" data-id=\"068e6b7\" data-element_type=\"column\">\n\t\t\t<div class=\"elementor-widget-wrap elementor-element-populated\">\n\t\t\t\t\t\t<div class=\"elementor-element elementor-element-f01e162 elementor-widget elementor-widget-heading\" data-id=\"f01e162\" data-element_type=\"widget\" data-widget_type=\"heading.default\">\n\t\t\t\t<div class=\"elementor-widget-container\">\n\t\t\t\t\t<h2 class=\"elementor-heading-title elementor-size-xl\">Psycho-Physiognomik<\/h2>\t\t\t\t<\/div>\n\t\t\t\t<\/div>\n\t\t\t\t\t<\/div>\n\t\t<\/div>\n\t\t\t\t\t<\/div>\n\t\t<\/section>\n\t\t\t\t<section class=\"elementor-section elementor-top-section elementor-element elementor-element-3636ef7 elementor-section-boxed elementor-section-height-default elementor-section-height-default\" data-id=\"3636ef7\" data-element_type=\"section\">\n\t\t\t\t\t\t<div class=\"elementor-container elementor-column-gap-default\">\n\t\t\t\t\t<div class=\"elementor-column elementor-col-100 elementor-top-column elementor-element elementor-element-f69cf29\" data-id=\"f69cf29\" data-element_type=\"column\">\n\t\t\t<div class=\"elementor-widget-wrap elementor-element-populated\">\n\t\t\t\t\t\t<div class=\"elementor-element elementor-element-5b0a453 elementor-widget elementor-widget-text-editor\" data-id=\"5b0a453\" data-element_type=\"widget\" data-widget_type=\"text-editor.default\">\n\t\t\t\t<div class=\"elementor-widget-container\">\n\t\t\t\t\t\t\t\t\t<p><span style=\"color: #000000;\">\u201eIn den Formen lebt der Geist\u201c<\/span><\/p><p><span style=\"color: #000000;\">ist zusammengefast das Ergebnis des Wissenschaftlers Carl Huter (1861-1912). Durch Betrachtung von Kopf bzw. K\u00f6rper lassen sich verschiedene Naturelle unterscheiden bzw. geben Aufschluss \u00fcber Konstitution und Charakter eines Menschen. \u00a0<\/span><\/p><p><span style=\"color: #000000;\">Dabei geht die Psycho-Physiognomik vom gesunden K\u00f6rper aus.<\/span><\/p><p><span style=\"color: #000000;\">Wenn Sie mehr hier\u00fcber erfahren m\u00f6chten, so freue ich mich, wenn Sie mich kontaktieren oder wir uns bei einer meiner <a href=\"https:\/\/sp-lebenswert.com\/?page_id=1586\"><span style=\"color: #008000;\">Veranstaltungen<\/span><\/a> treffen.<\/span><\/p>\t\t\t\t\t\t\t\t<\/div>\n\t\t\t\t<\/div>\n\t\t\t\t\t<\/div>\n\t\t<\/div>\n\t\t\t\t\t<\/div>\n\t\t<\/section>\n\t\t\t\t<section class=\"elementor-section elementor-top-section elementor-element elementor-element-6e0ac8a elementor-section-boxed elementor-section-height-default elementor-section-height-default\" data-id=\"6e0ac8a\" data-element_type=\"section\">\n\t\t\t\t\t\t<div class=\"elementor-container elementor-column-gap-default\">\n\t\t\t\t\t<div class=\"elementor-column elementor-col-100 elementor-top-column elementor-element elementor-element-5da31b1\" data-id=\"5da31b1\" data-element_type=\"column\">\n\t\t\t<div class=\"elementor-widget-wrap elementor-element-populated\">\n\t\t\t\t\t\t<div class=\"elementor-element elementor-element-db289d2 elementor-widget elementor-widget-spacer\" data-id=\"db289d2\" data-element_type=\"widget\" data-widget_type=\"spacer.default\">\n\t\t\t\t<div class=\"elementor-widget-container\">\n\t\t\t\t\t\t\t<div class=\"elementor-spacer\">\n\t\t\t<div class=\"elementor-spacer-inner\"><\/div>\n\t\t<\/div>\n\t\t\t\t\t\t<\/div>\n\t\t\t\t<\/div>\n\t\t\t\t\t<\/div>\n\t\t<\/div>\n\t\t\t\t\t<\/div>\n\t\t<\/section>\n\t\t\t\t<section class=\"elementor-section elementor-top-section elementor-element elementor-element-4eb58cf elementor-section-boxed elementor-section-height-default elementor-section-height-default\" data-id=\"4eb58cf\" data-element_type=\"section\">\n\t\t\t\t\t\t<div class=\"elementor-container elementor-column-gap-default\">\n\t\t\t\t\t<div class=\"elementor-column elementor-col-100 elementor-top-column elementor-element elementor-element-bc2a515\" data-id=\"bc2a515\" data-element_type=\"column\">\n\t\t\t<div class=\"elementor-widget-wrap elementor-element-populated\">\n\t\t\t\t\t\t<div class=\"elementor-element elementor-element-d680bd9 elementor-widget elementor-widget-text-editor\" data-id=\"d680bd9\" data-element_type=\"widget\" data-widget_type=\"text-editor.default\">\n\t\t\t\t<div class=\"elementor-widget-container\">\n\t\t\t\t\t\t\t\t\t<h4>Was sagt dein Gesicht \u00fcber dich aus?<\/h4><h4>Erkenne dich im Spiegel.<\/h4><h4>Dein Gesicht sagt dir, wer du wirklich bist.<\/h4><h4>Lese dich selbst.<\/h4>\t\t\t\t\t\t\t\t<\/div>\n\t\t\t\t<\/div>\n\t\t\t\t\t<\/div>\n\t\t<\/div>\n\t\t\t\t\t<\/div>\n\t\t<\/section>\n\t\t\t\t<section class=\"elementor-section elementor-top-section elementor-element elementor-element-d3b3341 elementor-section-boxed elementor-section-height-default elementor-section-height-default\" data-id=\"d3b3341\" data-element_type=\"section\">\n\t\t\t\t\t\t<div class=\"elementor-container elementor-column-gap-default\">\n\t\t\t\t\t<div class=\"elementor-column elementor-col-33 elementor-top-column elementor-element elementor-element-e879685\" data-id=\"e879685\" data-element_type=\"column\">\n\t\t\t<div class=\"elementor-widget-wrap elementor-element-populated\">\n\t\t\t\t\t\t<div class=\"elementor-element elementor-element-5a8da1e elementor-widget elementor-widget-image\" data-id=\"5a8da1e\" data-element_type=\"widget\" data-widget_type=\"image.default\">\n\t\t\t\t<div class=\"elementor-widget-container\">\n\t\t\t\t\t\t\t\t\t\t\t\t\t\t\t<img fetchpriority=\"high\" decoding=\"async\" width=\"514\" height=\"498\" src=\"https:\/\/sp-lebenswert.com\/wp-content\/uploads\/2023\/03\/Bild-ABCD.jpg\" class=\"attachment-large size-large wp-image-1907\" alt=\"\" srcset=\"https:\/\/sp-lebenswert.com\/wp-content\/uploads\/2023\/03\/Bild-ABCD.jpg 514w, https:\/\/sp-lebenswert.com\/wp-content\/uploads\/2023\/03\/Bild-ABCD-300x291.jpg 300w\" sizes=\"(max-width: 514px) 100vw, 514px\" \/>\t\t\t\t\t\t\t\t\t\t\t\t\t\t\t<\/div>\n\t\t\t\t<\/div>\n\t\t\t\t\t<\/div>\n\t\t<\/div>\n\t\t\t\t<div class=\"elementor-column elementor-col-33 elementor-top-column elementor-element elementor-element-516193a\" data-id=\"516193a\" data-element_type=\"column\">\n\t\t\t<div class=\"elementor-widget-wrap elementor-element-populated\">\n\t\t\t\t\t\t<div class=\"elementor-element elementor-element-ecc95e7 elementor-widget elementor-widget-spacer\" data-id=\"ecc95e7\" data-element_type=\"widget\" data-widget_type=\"spacer.default\">\n\t\t\t\t<div class=\"elementor-widget-container\">\n\t\t\t\t\t\t\t<div class=\"elementor-spacer\">\n\t\t\t<div class=\"elementor-spacer-inner\"><\/div>\n\t\t<\/div>\n\t\t\t\t\t\t<\/div>\n\t\t\t\t<\/div>\n\t\t\t\t\t<\/div>\n\t\t<\/div>\n\t\t\t\t<div class=\"elementor-column elementor-col-33 elementor-top-column elementor-element elementor-element-d4a605a\" data-id=\"d4a605a\" data-element_type=\"column\">\n\t\t\t<div class=\"elementor-widget-wrap elementor-element-populated\">\n\t\t\t\t\t\t<div class=\"elementor-element elementor-element-b3a3245 elementor-widget elementor-widget-text-editor\" data-id=\"b3a3245\" data-element_type=\"widget\" data-widget_type=\"text-editor.default\">\n\t\t\t\t<div class=\"elementor-widget-container\">\n\t\t\t\t\t\t\t\t\t<p>A = Stirn: Deine Stirnfalten sind die Runen deiner Seele. Wie denke ich? Wie schnell bin ich geistig \u00fcberreizbar?<\/p>\n<p>B = Nase: Welche Form hat meine Nase? Wie steht es mit meiner Selbstverwirklichung? Wie viel Luft habe ich, um meine Ziele zu erreichen?<\/p>\n<p>C = Wangen: Wie kommunikativ bin ich?<\/p>\n<p>D = Mund: Sprachrohr der Seele. Die Landkarte deiner inneren Organe.<\/p>\t\t\t\t\t\t\t\t<\/div>\n\t\t\t\t<\/div>\n\t\t\t\t\t<\/div>\n\t\t<\/div>\n\t\t\t\t\t<\/div>\n\t\t<\/section>\n\t\t\t\t<section class=\"elementor-section elementor-top-section elementor-element elementor-element-a1dbd5e elementor-section-boxed elementor-section-height-default elementor-section-height-default\" data-id=\"a1dbd5e\" data-element_type=\"section\">\n\t\t\t\t\t\t<div class=\"elementor-container elementor-column-gap-default\">\n\t\t\t\t\t<div class=\"elementor-column elementor-col-100 elementor-top-column elementor-element elementor-element-c247339\" data-id=\"c247339\" data-element_type=\"column\">\n\t\t\t<div class=\"elementor-widget-wrap elementor-element-populated\">\n\t\t\t\t\t\t<div class=\"elementor-element elementor-element-52b789c elementor-align-center elementor-widget elementor-widget-button\" data-id=\"52b789c\" data-element_type=\"widget\" data-widget_type=\"button.default\">\n\t\t\t\t<div class=\"elementor-widget-container\">\n\t\t\t\t\t\t\t\t\t<div class=\"elementor-button-wrapper\">\n\t\t\t\t\t<a class=\"elementor-button elementor-button-link elementor-size-sm\" href=\"https:\/\/sp-lebenswert.com\/?page_id=1586\">\n\t\t\t\t\t\t<span class=\"elementor-button-content-wrapper\">\n\t\t\t\t\t\t\t\t\t<span class=\"elementor-button-text\">Veranstaltungen<\/span>\n\t\t\t\t\t<\/span>\n\t\t\t\t\t<\/a>\n\t\t\t\t<\/div>\n\t\t\t\t\t\t\t\t<\/div>\n\t\t\t\t<\/div>\n\t\t\t\t\t<\/div>\n\t\t<\/div>\n\t\t\t\t\t<\/div>\n\t\t<\/section>\n\t\t\t\t<\/div>\n\t\t","protected":false},"excerpt":{"rendered":"<p>Psycho-Physiognomik \u201eIn den Formen lebt der Geist\u201c ist zusammengefast das Ergebnis des Wissenschaftlers Carl Huter (1861-1912). Durch Betrachtung von Kopf bzw. K\u00f6rper lassen sich verschiedene Naturelle unterscheiden bzw. geben Aufschluss \u00fcber Konstitution und Charakter eines Menschen. \u00a0 Dabei geht die Psycho-Physiognomik vom gesunden K\u00f6rper aus. Wenn Sie mehr hier\u00fcber erfahren m\u00f6chten, so freue ich mich, &hellip;<\/p>\n<p class=\"read-more\"> <a class=\"\" href=\"https:\/\/sp-lebenswert.com\/?page_id=1476\"> <span class=\"screen-reader-text\">Psycho-Physiognomik<\/span> Weiterlesen &raquo;<\/a><\/p>\n","protected":false},"author":1,"featured_media":0,"parent":0,"menu_order":0,"comment_status":"closed","ping_status":"closed","template":"","meta":{"_uag_custom_page_level_css":"","site-sidebar-layout":"no-sidebar","site-content-layout":"page-builder","ast-global-header-display":"","ast-main-header-display":"","ast-hfb-above-header-display":"","ast-hfb-below-header-display":"","ast-hfb-mobile-header-display":"","site-post-title":"disabled","ast-breadcrumbs-content":"","ast-featured-img":"disabled","footer-sml-layout":"","theme-transparent-header-meta":"default","adv-header-id-meta":"","stick-header-meta":"","header-above-stick-meta":"","header-main-stick-meta":"","header-below-stick-meta":"","footnotes":""},"yoast_head":"<!-- This site is optimized with the Yoast SEO plugin v21.2 - https:\/\/yoast.com\/wordpress\/plugins\/seo\/ -->\n<title>Psycho-Physiognomik - Lebenswert<\/title>\n<meta name=\"robots\" content=\"index, follow, max-snippet:-1, max-image-preview:large, max-video-preview:-1\" \/>\n<link rel=\"canonical\" href=\"https:\/\/sp-lebenswert.com\/?page_id=1476\" \/>\n<meta property=\"og:locale\" content=\"de_DE\" \/>\n<meta property=\"og:type\" content=\"article\" \/>\n<meta property=\"og:title\" content=\"Psycho-Physiognomik - Lebenswert\" \/>\n<meta property=\"og:description\" content=\"Psycho-Physiognomik \u201eIn den Formen lebt der Geist\u201c ist zusammengefast das Ergebnis des Wissenschaftlers Carl Huter (1861-1912). Durch Betrachtung von Kopf bzw. K\u00f6rper lassen sich verschiedene Naturelle unterscheiden bzw. geben Aufschluss \u00fcber Konstitution und Charakter eines Menschen. \u00a0 Dabei geht die Psycho-Physiognomik vom gesunden K\u00f6rper aus. Wenn Sie mehr hier\u00fcber erfahren m\u00f6chten, so freue ich mich, &hellip; Psycho-Physiognomik Weiterlesen &raquo;\" \/>\n<meta property=\"og:url\" content=\"https:\/\/sp-lebenswert.com\/?page_id=1476\" \/>\n<meta property=\"og:site_name\" content=\"Lebenswert\" \/>\n<meta property=\"article:modified_time\" content=\"2023-03-11T13:40:25+00:00\" \/>\n<meta property=\"og:image\" content=\"https:\/\/sp-lebenswert.com\/wp-content\/uploads\/2023\/03\/Bild-ABCD.jpg\" \/>\n<meta name=\"twitter:card\" content=\"summary_large_image\" \/>\n<meta name=\"twitter:label1\" content=\"Gesch\u00e4tzte Lesezeit\" \/>\n\t<meta name=\"twitter:data1\" content=\"2\u00a0Minuten\" \/>\n<script type=\"application\/ld+json\" class=\"yoast-schema-graph\">{\"@context\":\"https:\/\/schema.org\",\"@graph\":[{\"@type\":\"WebPage\",\"@id\":\"https:\/\/sp-lebenswert.com\/?page_id=1476\",\"url\":\"https:\/\/sp-lebenswert.com\/?page_id=1476\",\"name\":\"Psycho-Physiognomik - Lebenswert\",\"isPartOf\":{\"@id\":\"https:\/\/sp-lebenswert.com\/#website\"},\"datePublished\":\"2020-10-27T11:24:41+00:00\",\"dateModified\":\"2023-03-11T13:40:25+00:00\",\"breadcrumb\":{\"@id\":\"https:\/\/sp-lebenswert.com\/?page_id=1476#breadcrumb\"},\"inLanguage\":\"de\",\"potentialAction\":[{\"@type\":\"ReadAction\",\"target\":[\"https:\/\/sp-lebenswert.com\/?page_id=1476\"]}]},{\"@type\":\"BreadcrumbList\",\"@id\":\"https:\/\/sp-lebenswert.com\/?page_id=1476#breadcrumb\",\"itemListElement\":[{\"@type\":\"ListItem\",\"position\":1,\"name\":\"Startseite\",\"item\":\"https:\/\/sp-lebenswert.com\/\"},{\"@type\":\"ListItem\",\"position\":2,\"name\":\"Psycho-Physiognomik\"}]},{\"@type\":\"WebSite\",\"@id\":\"https:\/\/sp-lebenswert.com\/#website\",\"url\":\"https:\/\/sp-lebenswert.com\/\",\"name\":\"Lebenswert\",\"description\":\"Sylvia Pfanz\",\"publisher\":{\"@id\":\"https:\/\/sp-lebenswert.com\/#organization\"},\"potentialAction\":[{\"@type\":\"SearchAction\",\"target\":{\"@type\":\"EntryPoint\",\"urlTemplate\":\"https:\/\/sp-lebenswert.com\/?s={search_term_string}\"},\"query-input\":\"required name=search_term_string\"}],\"inLanguage\":\"de\"},{\"@type\":\"Organization\",\"@id\":\"https:\/\/sp-lebenswert.com\/#organization\",\"name\":\"Lebenswert Sylvia Pfanz\",\"url\":\"https:\/\/sp-lebenswert.com\/\",\"logo\":{\"@type\":\"ImageObject\",\"inLanguage\":\"de\",\"@id\":\"https:\/\/sp-lebenswert.com\/#\/schema\/logo\/image\/\",\"url\":\"https:\/\/sp-lebenswert.com\/wp-content\/uploads\/2019\/12\/cropped-LogoLebenswert.png\",\"contentUrl\":\"https:\/\/sp-lebenswert.com\/wp-content\/uploads\/2019\/12\/cropped-LogoLebenswert.png\",\"width\":736,\"height\":411,\"caption\":\"Lebenswert Sylvia Pfanz\"},\"image\":{\"@id\":\"https:\/\/sp-lebenswert.com\/#\/schema\/logo\/image\/\"}}]}<\/script>\n<!-- \/ Yoast SEO plugin. -->","yoast_head_json":{"title":"Psycho-Physiognomik - Lebenswert","robots":{"index":"index","follow":"follow","max-snippet":"max-snippet:-1","max-image-preview":"max-image-preview:large","max-video-preview":"max-video-preview:-1"},"canonical":"https:\/\/sp-lebenswert.com\/?page_id=1476","og_locale":"de_DE","og_type":"article","og_title":"Psycho-Physiognomik - Lebenswert","og_description":"Psycho-Physiognomik \u201eIn den Formen lebt der Geist\u201c ist zusammengefast das Ergebnis des Wissenschaftlers Carl Huter (1861-1912). Durch Betrachtung von Kopf bzw. K\u00f6rper lassen sich verschiedene Naturelle unterscheiden bzw. geben Aufschluss \u00fcber Konstitution und Charakter eines Menschen. \u00a0 Dabei geht die Psycho-Physiognomik vom gesunden K\u00f6rper aus. Wenn Sie mehr hier\u00fcber erfahren m\u00f6chten, so freue ich mich, &hellip; Psycho-Physiognomik Weiterlesen &raquo;","og_url":"https:\/\/sp-lebenswert.com\/?page_id=1476","og_site_name":"Lebenswert","article_modified_time":"2023-03-11T13:40:25+00:00","og_image":[{"url":"https:\/\/sp-lebenswert.com\/wp-content\/uploads\/2023\/03\/Bild-ABCD.jpg"}],"twitter_card":"summary_large_image","twitter_misc":{"Gesch\u00e4tzte Lesezeit":"2\u00a0Minuten"},"schema":{"@context":"https:\/\/schema.org","@graph":[{"@type":"WebPage","@id":"https:\/\/sp-lebenswert.com\/?page_id=1476","url":"https:\/\/sp-lebenswert.com\/?page_id=1476","name":"Psycho-Physiognomik - Lebenswert","isPartOf":{"@id":"https:\/\/sp-lebenswert.com\/#website"},"datePublished":"2020-10-27T11:24:41+00:00","dateModified":"2023-03-11T13:40:25+00:00","breadcrumb":{"@id":"https:\/\/sp-lebenswert.com\/?page_id=1476#breadcrumb"},"inLanguage":"de","potentialAction":[{"@type":"ReadAction","target":["https:\/\/sp-lebenswert.com\/?page_id=1476"]}]},{"@type":"BreadcrumbList","@id":"https:\/\/sp-lebenswert.com\/?page_id=1476#breadcrumb","itemListElement":[{"@type":"ListItem","position":1,"name":"Startseite","item":"https:\/\/sp-lebenswert.com\/"},{"@type":"ListItem","position":2,"name":"Psycho-Physiognomik"}]},{"@type":"WebSite","@id":"https:\/\/sp-lebenswert.com\/#website","url":"https:\/\/sp-lebenswert.com\/","name":"Lebenswert","description":"Sylvia Pfanz","publisher":{"@id":"https:\/\/sp-lebenswert.com\/#organization"},"potentialAction":[{"@type":"SearchAction","target":{"@type":"EntryPoint","urlTemplate":"https:\/\/sp-lebenswert.com\/?s={search_term_string}"},"query-input":"required name=search_term_string"}],"inLanguage":"de"},{"@type":"Organization","@id":"https:\/\/sp-lebenswert.com\/#organization","name":"Lebenswert Sylvia Pfanz","url":"https:\/\/sp-lebenswert.com\/","logo":{"@type":"ImageObject","inLanguage":"de","@id":"https:\/\/sp-lebenswert.com\/#\/schema\/logo\/image\/","url":"https:\/\/sp-lebenswert.com\/wp-content\/uploads\/2019\/12\/cropped-LogoLebenswert.png","contentUrl":"https:\/\/sp-lebenswert.com\/wp-content\/uploads\/2019\/12\/cropped-LogoLebenswert.png","width":736,"height":411,"caption":"Lebenswert Sylvia Pfanz"},"image":{"@id":"https:\/\/sp-lebenswert.com\/#\/schema\/logo\/image\/"}}]}},"uagb_featured_image_src":{"full":false,"thumbnail":false,"medium":false,"medium_large":false,"large":false,"1536x1536":false,"2048x2048":false,"woocommerce_thumbnail":false,"woocommerce_single":false,"woocommerce_gallery_thumbnail":false},"uagb_author_info":{"display_name":"sylviapfanz","author_link":"https:\/\/sp-lebenswert.com\/?author=1"},"uagb_comment_info":0,"uagb_excerpt":"Psycho-Physiognomik \u201eIn den Formen lebt der Geist\u201c ist zusammengefast das Ergebnis des Wissenschaftlers Carl Huter (1861-1912). Durch Betrachtung von Kopf bzw. K\u00f6rper lassen sich verschiedene Naturelle unterscheiden bzw. geben Aufschluss \u00fcber Konstitution und Charakter eines Menschen. \u00a0 Dabei geht die Psycho-Physiognomik vom gesunden K\u00f6rper aus. Wenn Sie mehr hier\u00fcber erfahren m\u00f6chten, so freue ich mich,&hellip;","_links":{"self":[{"href":"https:\/\/sp-lebenswert.com\/index.php?rest_route=\/wp\/v2\/pages\/1476"}],"collection":[{"href":"https:\/\/sp-lebenswert.com\/index.php?rest_route=\/wp\/v2\/pages"}],"about":[{"href":"https:\/\/sp-lebenswert.com\/index.php?rest_route=\/wp\/v2\/types\/page"}],"author":[{"embeddable":true,"href":"https:\/\/sp-lebenswert.com\/index.php?rest_route=\/wp\/v2\/users\/1"}],"replies":[{"embeddable":true,"href":"https:\/\/sp-lebenswert.com\/index.php?rest_route=%2Fwp%2Fv2%2Fcomments&post=1476"}],"version-history":[{"count":33,"href":"https:\/\/sp-lebenswert.com\/index.php?rest_route=\/wp\/v2\/pages\/1476\/revisions"}],"predecessor-version":[{"id":1915,"href":"https:\/\/sp-lebenswert.com\/index.php?rest_route=\/wp\/v2\/pages\/1476\/revisions\/1915"}],"wp:attachment":[{"href":"https:\/\/sp-lebenswert.com\/index.php?rest_route=%2Fwp%2Fv2%2Fmedia&parent=1476"}],"curies":[{"name":"wp","href":"https:\/\/api.w.org\/{rel}","templated":true}]}}